{"id":276819,"date":"2025-02-09T03:19:11","date_gmt":"2025-02-09T02:19:11","guid":{"rendered":"http:\/\/fashion-juwelier.de\/?page_id=276819"},"modified":"2025-02-10T06:31:28","modified_gmt":"2025-02-10T05:31:28","slug":"goldankauf","status":"publish","type":"page","link":"https:\/\/fashion-juwelier.de\/?page_id=276819","title":{"rendered":"Goldankauf"},"content":{"rendered":"<figure class=\"wp-block-table\"><table class=\"has-fixed-layout\"><tbody><tr><td><strong>Verwandeln Sie Ihr Altgold oder defekten, nicht getragenen Schmuck ganz einfach in bares Geld.\u00a0<\/strong><\/td><\/tr><tr><td>\u00a0<strong>Goldankauf so einfach, schnell und unb\u00fcrokratisch \u2013 direkt bei Juwelier am Markt, Marktstra\u00dfe 12, 35260 Stadtallendorf.<\/strong><\/td><\/tr><tr><td>&nbsp;<\/td><\/tr><tr><td><strong>Goldankauf ist Vertrauenssache \u2013 Vertrauen Sie auf die Expertise von Juwelier am Markt.<\/strong><\/td><\/tr><tr><td>\u00a0<strong>Als Laie wei\u00df man oft nicht, wie viel ein Schmuckst\u00fcck, alte M\u00fcnzen, Bruchgold oder Zahngold wert sind. Nicht jede dieser Goldsorten hat die gleiche Reinheit, was die Wertermittlung erschwert. Als seri\u00f6ser Fachh\u00e4ndler bieten wir nicht nur hochwertigen Gold- und Silberschmuck online, sondern auch einen transparenten Goldankauf in unserem Juweliergesch\u00e4ft: Juwelier am Markt, Marktstra\u00dfe 12, 35260 Stadtallendorf. Bei uns erhalten Sie eine pr\u00e4zise Expertise durch eine sorgf\u00e4ltige Analyse, sodass der Goldankauf zum tagesaktuellen Goldpreis vor Ort erfolgt.<\/strong><\/td><\/tr><tr><td>&nbsp;<\/td><\/tr><tr><td><strong>Der Goldankauf in unserem Juweliergesch\u00e4ft erfolgt diskret und seri\u00f6s \u2013 Vertrauen Sie auf unsere Expertise.<\/strong><\/td><\/tr><tr><td><strong>Viele finden es unangenehm oder l\u00e4stig, ihren defekten Goldschmuck im \u00f6rtlichen Juweliergesch\u00e4ft zu verkaufen. Oft bleibt wertvolles Altgold jahrelang ungenutzt und die Werte bleiben ungenutzt. Doch Ihr Gold ist bares Geld wert! Nutzen Sie daher unser Angebot und lassen Sie den Goldankauf bequem bei uns abwickeln. Profitieren Sie von Ihren alten Schmuckst\u00fccken! Der Goldankauf bei Juwelier am Markt, Marktstra\u00dfe 12, 35260 Stadtallendorf, ist seri\u00f6s und absolut diskret.<\/strong><\/td><\/tr><\/tbody><\/table><\/figure><figure class=\"wp-block-table\"><table class=\"has-fixed-layout\"><tbody><tr><td><br><img decoding=\"async\" src=\"https:\/\/fashionjuwelier.de\/media\/image\/ee\/82\/c7\/fotolia_17013489_xs_verkleinert.jpg\" alt=\"\"><\/td><td>\u00a0\u00a0<strong>Der Goldankauf bei Juwelier am Markt ist transparent und \u00fcbersichtlich \u2013 so wissen Sie stets, was Ihr Gold wirklich wert ist.<\/strong>\u00a0\u00a0<\/td><\/tr><tr><td>&nbsp;<img decoding=\"async\" src=\"https:\/\/fashionjuwelier.de\/media\/image\/59\/8f\/cf\/fotolia_16211086_xs_verkleinert.jpg\" alt=\"\"><\/td><td><em><strong>Juwelier am Markt, Marktstra\u00dfe 12, 35260 Stadtallendorf<\/strong><\/em><\/td><\/tr><tr><td><\/td><td>&nbsp;<\/td><\/tr><tr><td>&nbsp;<\/td><td>&nbsp;<\/td><\/tr><tr><td><br><img decoding=\"async\" src=\"https:\/\/fashionjuwelier.de\/media\/image\/96\/0f\/f2\/fotolia_16808352_xs_verkleinert.jpg\" alt=\"\"><\/td><td>\u00a0<strong>Gewinnbringendes Angebot \u2013 Sofortige Zahlung<br>Wir unterbreiten Ihnen immer ein unverbindliches Angebot, das dem tats\u00e4chlichen Wert Ihrer Edelmetalle entspricht. Unser Auszahlungsbetrag wird auf Basis von Gewicht und Goldgehalt ermittelt. Die Erstellung des Angebots erfolgt durch eine professionelle Analyse und Bewertung Ihrer Goldware. (Der Wert von Edelsteinen wird dabei nicht ber\u00fccksichtigt.)<\/strong><\/td><\/tr><tr><td>&nbsp;<img decoding=\"async\" src=\"https:\/\/fashionjuwelier.de\/media\/image\/e2\/2e\/59\/fotolia_28722021_xs_verkleinert.jpg\" alt=\"\"><\/td><td><strong>Bei Annahme unseres Angebots erhalten Sie Ihr Geld sofort in bar oder lassen es sich bequem auf Ihr Konto \u00fcberweisen. Sollte Ihnen unser Angebot nicht zusagen, senden wir Ihnen Ihr Altgold selbstverst\u00e4ndlich zur\u00fcck. Machen Sie Ihr Gold zu Geld \u2013 ganz diskret und risikofrei, direkt bei uns vor Ort: Juwelier am Markt, Marktstra\u00dfe 12, 35260 Stadtallendorf.<\/strong><\/td><\/tr><\/tbody><\/table><\/figure><p><strong>&nbsp;Wir kaufen aller Art Altgold zb:<\/strong><\/p><p>Zahngold \u2013 Verwandeln Sie Ihr altes Zahngold in bares Geld!    <\/p><p><img decoding=\"async\" src=\"https:\/\/fashionjuwelier.de\/media\/image\/c1\/be\/5f\/fotolia_26774672_xs_aktuell.png\" alt=\"\"><\/p><p>Bruchgold \u2013 Nutzen Sie den Wert von Bruchgold und machen Sie es zu Bargeld!  <img decoding=\"async\" src=\"https:\/\/fashionjuwelier.de\/media\/image\/47\/57\/93\/fotolia_30472243_aktuell_1.png\" alt=\"\"><\/p><p>M\u00fcnzen \u2013 Alte M\u00fcnzen haben oft einen hohen Wert. Verwandeln Sie Ihre Sammlerst\u00fccke in bares Geld!<img decoding=\"async\" src=\"https:\/\/fashionjuwelier.de\/media\/image\/25\/8d\/5d\/fotolia_8508084_xs_aktuell.png\" alt=\"\"><\/p>","protected":false},"excerpt":{"rendered":"<p>Verwandeln Sie Ihr Altgold oder defekten, nicht getragenen Schmuck ganz einfach in bares Geld.\u00a0 \u00a0Goldankauf so einfach, schnell und unb\u00fcrokratisch \u2013 direkt bei Juwelier am Markt, Marktstra\u00dfe 12, 35260 Stadtallendorf. &nbsp; Goldankauf ist Vertrauenssache \u2013 Vertrauen Sie auf die Expertise von Juwelier am Markt. \u00a0Als Laie wei\u00df man oft nicht, wie viel ein Schmuckst\u00fcck, alte&#8230;<\/p>\n","protected":false},"author":1,"featured_media":0,"parent":0,"menu_order":0,"comment_status":"closed","ping_status":"closed","template":"","meta":{"footnotes":""},"class_list":{"0":"post-276819","1":"page","2":"type-page","3":"status-publish","4":"hentry","5":"nt-post-class","6":"","7":"thumb-none","9":"excerpt-none"},"_links":{"self":[{"href":"https:\/\/fashion-juwelier.de\/index.php?rest_route=\/wp\/v2\/pages\/276819","targetHints":{"allow":["GET"]}}],"collection":[{"href":"https:\/\/fashion-juwelier.de\/index.php?rest_route=\/wp\/v2\/pages"}],"about":[{"href":"https:\/\/fashion-juwelier.de\/index.php?rest_route=\/wp\/v2\/types\/page"}],"author":[{"embeddable":true,"href":"https:\/\/fashion-juwelier.de\/index.php?rest_route=\/wp\/v2\/users\/1"}],"replies":[{"embeddable":true,"href":"https:\/\/fashion-juwelier.de\/index.php?rest_route=%2Fwp%2Fv2%2Fcomments&post=276819"}],"version-history":[{"count":5,"href":"https:\/\/fashion-juwelier.de\/index.php?rest_route=\/wp\/v2\/pages\/276819\/revisions"}],"predecessor-version":[{"id":276858,"href":"https:\/\/fashion-juwelier.de\/index.php?rest_route=\/wp\/v2\/pages\/276819\/revisions\/276858"}],"wp:attachment":[{"href":"https:\/\/fashion-juwelier.de\/index.php?rest_route=%2Fwp%2Fv2%2Fmedia&parent=276819"}],"curies":[{"name":"wp","href":"https:\/\/api.w.org\/{rel}","templated":true}]}}