{"id":276833,"date":"2025-02-09T03:26:34","date_gmt":"2025-02-09T02:26:34","guid":{"rendered":"http:\/\/fashion-juwelier.de\/?page_id=276833"},"modified":"2025-02-10T06:32:40","modified_gmt":"2025-02-10T05:32:40","slug":"batteriehinweis","status":"publish","type":"page","link":"https:\/\/fashion-juwelier.de\/?page_id=276833","title":{"rendered":"Batteriehinweis"},"content":{"rendered":"<h2 class=\"wp-block-heading\"><strong>Hinweise zur Batterieentsorgung<\/strong><\/h2><p>Im Zusammenhang mit dem Vertrieb von Batterien oder der Lieferung von Ger\u00e4ten, die Batterien enthalten, sind wir gesetzlich verpflichtet, Sie auf Folgendes hinzuweisen:<\/p><p>Als Endnutzer sind Sie zur R\u00fcckgabe gebrauchter Batterien verpflichtet. Altbatterien k\u00f6nnen unentgeltlich an unserem Versandlager (Versandadresse) zur\u00fcckgegeben werden, wenn diese bei uns als Neubatterien im Sortiment gef\u00fchrt wurden oder gef\u00fchrt werden.<\/p><p>Die auf den Batterien abgebildeten Symbole bedeuten:<\/p><ul class=\"wp-block-list\"><li>Das Symbol der durchgekreuzten M\u00fclltonne zeigt an, dass die Batterie nicht im Hausm\u00fcll entsorgt werden darf.<\/li>\n\n<li>Pb = Die Batterie enth\u00e4lt mehr als 0,004 Masseprozent Blei.<\/li>\n\n<li>Cd = Die Batterie enth\u00e4lt mehr als 0,002 Masseprozent Cadmium.<\/li>\n\n<li>Hg = Die Batterie enth\u00e4lt mehr als 0,0005 Masseprozent Quecksilber.<\/li><\/ul><p>Bitte beachten Sie die obenstehenden Hinweise zur richtigen Entsorgung.<\/p>","protected":false},"excerpt":{"rendered":"<p>Hinweise zur Batterieentsorgung Im Zusammenhang mit dem Vertrieb von Batterien oder der Lieferung von Ger\u00e4ten, die Batterien enthalten, sind wir gesetzlich verpflichtet, Sie auf Folgendes hinzuweisen: Als Endnutzer sind Sie zur R\u00fcckgabe gebrauchter Batterien verpflichtet. Altbatterien k\u00f6nnen unentgeltlich an unserem Versandlager (Versandadresse) zur\u00fcckgegeben werden, wenn diese bei uns als Neubatterien im Sortiment gef\u00fchrt wurden oder&#8230;<\/p>\n","protected":false},"author":1,"featured_media":0,"parent":0,"menu_order":0,"comment_status":"closed","ping_status":"closed","template":"","meta":{"footnotes":""},"class_list":{"0":"post-276833","1":"page","2":"type-page","3":"status-publish","4":"hentry","5":"nt-post-class","6":"","7":"thumb-none","9":"excerpt-none"},"_links":{"self":[{"href":"https:\/\/fashion-juwelier.de\/index.php?rest_route=\/wp\/v2\/pages\/276833","targetHints":{"allow":["GET"]}}],"collection":[{"href":"https:\/\/fashion-juwelier.de\/index.php?rest_route=\/wp\/v2\/pages"}],"about":[{"href":"https:\/\/fashion-juwelier.de\/index.php?rest_route=\/wp\/v2\/types\/page"}],"author":[{"embeddable":true,"href":"https:\/\/fashion-juwelier.de\/index.php?rest_route=\/wp\/v2\/users\/1"}],"replies":[{"embeddable":true,"href":"https:\/\/fashion-juwelier.de\/index.php?rest_route=%2Fwp%2Fv2%2Fcomments&post=276833"}],"version-history":[{"count":2,"href":"https:\/\/fashion-juwelier.de\/index.php?rest_route=\/wp\/v2\/pages\/276833\/revisions"}],"predecessor-version":[{"id":276859,"href":"https:\/\/fashion-juwelier.de\/index.php?rest_route=\/wp\/v2\/pages\/276833\/revisions\/276859"}],"wp:attachment":[{"href":"https:\/\/fashion-juwelier.de\/index.php?rest_route=%2Fwp%2Fv2%2Fmedia&parent=276833"}],"curies":[{"name":"wp","href":"https:\/\/api.w.org\/{rel}","templated":true}]}}