{"id":4739,"date":"2022-02-15T10:27:00","date_gmt":"2022-02-15T10:27:00","guid":{"rendered":"https:\/\/ninetheme.com\/themes\/goldsmith\/?page_id=4739"},"modified":"2025-06-18T14:35:57","modified_gmt":"2025-06-18T12:35:57","slug":"home-minimal-split","status":"publish","type":"page","link":"https:\/\/fashion-juwelier.de\/","title":{"rendered":"Home Minimal &#038; Split"},"content":{"rendered":"\t\t<div data-elementor-type=\"wp-page\" data-elementor-id=\"4739\" class=\"elementor elementor-4739\">\n\t\t\t\t<div class=\"gap- elementor-element elementor-element-f9c2d5b e-con-full e-flex e-con e-parent\" data-id=\"f9c2d5b\" data-element_type=\"container\">\n\t\t<div class=\"gap- elementor-element elementor-element-76eae2d e-con-full e-flex e-con e-child\" data-id=\"76eae2d\" data-element_type=\"container\">\n\t\t\t\t<div class=\"elementor-element elementor-element-cd96c28 elementor-widget elementor-widget-goldsmith-slide-show\" data-id=\"cd96c28\" data-element_type=\"widget\" data-widget_type=\"goldsmith-slide-show.default\">\n\t\t\t\t<div class=\"elementor-widget-container\">\n\t\t\t\t\t<div class=\"goldsmith-slideshow\"><div class=\"goldsmith-slides\"><div class=\"goldsmith-slide goldsmith-slide-current elementor-repeater-item-3e6fd7f\"><div class=\"goldsmith-slide-img\" style=\"background-image: url(https:\/\/fashion-juwelier.de\/wp-content\/uploads\/2022\/02\/accesories-full-1-2.jpg)\"><\/div><h1 class=\"goldsmith-slide-title\">Schmuck, der begeistert \u2013 Ihr FashionJuwelier<\/h1><p class=\"goldsmith-slide-desc\">NEU: Sommerkollektion 2025<\/p><a class=\"goldsmith-btn-large goldsmith-btn goldsmith-bg-black goldsmith-slide-link\" href=\"http:\/\/fashionjuwelier.de\" target=\"_blank\">Jetzt entdecken \u2013 \u00dcber 2.000 Produkte im Shop<\/a><\/div><\/div><div class=\"goldsmith-slidenav\"><div class=\"goldsmith-slidenav-item goldsmith-slidenav-item-prev\">Vorheriges<\/div><span>\/<\/span><div class=\"goldsmith-slidenav-item goldsmith-slidenav-item-next\">N\u00e4chstes<\/div><\/div><\/div>\t\t\t\t<\/div>\n\t\t\t\t<\/div>\n\t\t\t\t<\/div>\n\t\t\t\t<\/div>\n\t\t<div class=\"gap- elementor-element elementor-element-70bf029 nt-section section-padding e-flex e-con-boxed e-con e-parent\" data-id=\"70bf029\" data-element_type=\"container\" data-settings=\"{&quot;background_background&quot;:&quot;classic&quot;}\">\n\t\t\t\t\t<div class=\"e-con-inner\">\n\t\t<div class=\"gap- elementor-element elementor-element-1e934ca e-con-full e-flex e-con e-child\" data-id=\"1e934ca\" data-element_type=\"container\">\n\t\t\t\t<div class=\"elementor-element elementor-element-73370ad goldsmith-transform transform-type-translate elementor-widget elementor-widget-heading\" data-id=\"73370ad\" data-element_type=\"widget\" data-widget_type=\"heading.default\">\n\t\t\t\t<div class=\"elementor-widget-container\">\n\t\t\t\t\t<h2 class=\"elementor-heading-title elementor-size-default\">\n<\/h2>\t\t\t\t<\/div>\n\t\t\t\t<\/div>\n\t\t\t\t<div class=\"elementor-element elementor-element-70851c3 goldsmith-transform transform-type-translate elementor-widget elementor-widget-heading\" data-id=\"70851c3\" data-element_type=\"widget\" data-widget_type=\"heading.default\">\n\t\t\t\t<div class=\"elementor-widget-container\">\n\t\t\t\t\t<h2 class=\"elementor-heading-title elementor-size-default\">FashionJuwelier \u2013 Dein exklusiver Online-Shop f\u00fcr Schmuck<\/h2>\t\t\t\t<\/div>\n\t\t\t\t<\/div>\n\t\t\t\t<div class=\"elementor-element elementor-element-5f0fb06 goldsmith-transform transform-type-translate elementor-widget elementor-widget-heading\" data-id=\"5f0fb06\" data-element_type=\"widget\" data-widget_type=\"heading.default\">\n\t\t\t\t<div class=\"elementor-widget-container\">\n\t\t\t\t\t<h2 class=\"elementor-heading-title elementor-size-default\">Entdecke jetzt unsere exklusiven Schmuckst\u00fccke<\/h2>\t\t\t\t<\/div>\n\t\t\t\t<\/div>\n\t\t\t\t<\/div>\n\t\t\t\t\t<\/div>\n\t\t\t\t<\/div>\n\t\t<div class=\"gap- elementor-element elementor-element-717dbae e-flex e-con-boxed e-con e-parent\" data-id=\"717dbae\" data-element_type=\"container\" data-settings=\"{&quot;background_background&quot;:&quot;classic&quot;}\">\n\t\t\t\t\t<div class=\"e-con-inner\">\n\t\t\t\t<div class=\"elementor-element elementor-element-1dff61b elementor-widget elementor-widget-text-editor\" data-id=\"1dff61b\" data-element_type=\"widget\" data-widget_type=\"text-editor.default\">\n\t\t\t\t<div class=\"elementor-widget-container\">\n\t\t\t\t\t\t\t\t\t<div style=\"font-family: 'Georgia', serif; margin: 40px 0; padding: 40px; border: 2px solid #bfa76f; border-radius: 12px; background-color: #f8f3e3; box-shadow: 0 4px 8px rgba(0, 0, 0, 0.1);\">\n    <h2 style=\"color: #2c3e50; font-size: 28px; margin-bottom: 20px; font-weight: bold; letter-spacing: 1px;\">\n        INFO:<br><br>Internationaler Versand\n    <\/h2>\n    <p style=\"font-size: 18px; color: #34495e; line-height: 1.6; margin-bottom: 20px;\">\n        Entdecken Sie unseren exklusiven internationalen Versandservice \u2013 Ihre Bestellung wird mit h\u00f6chster Sorgfalt und Pr\u00e4zision <strong>schnell<\/strong>, <strong>sicher<\/strong> und <strong>zuverl\u00e4ssig<\/strong> an jedes Ziel weltweit geliefert.\n    <\/p>\n    <p style=\"font-size: 18px; color: #bfa76f; font-weight: bold; margin-top: 10px;\">\n        In Deutschland bieten wir Ihnen <strong>versandkostenfreie Lieferung<\/strong> ab einem Bestellwert von <strong>49 \u20ac<\/strong>.\n    <\/p>\n    <p style=\"font-size: 18px; color: #bfa76f; font-weight: bold; margin-top: 10px;\">\n        F\u00fcr Lieferungen ins Ausland gilt <strong>versandkostenfreie Lieferung<\/strong> ab einem Bestellwert von <strong>129 \u20ac<\/strong>.\n    <\/p>\n    <hr style=\"margin-top: 20px; border: 0; height: 2px; background-color: #bfa76f;\" \/>\n<\/div>\n\t\t\t\t\t\t\t\t<\/div>\n\t\t\t\t<\/div>\n\t\t\t\t\t<\/div>\n\t\t\t\t<\/div>\n\t\t<div class=\"gap- elementor-element elementor-element-e1f6df2 e-con-full e-flex e-con e-parent\" data-id=\"e1f6df2\" data-element_type=\"container\">\n\t\t\t\t<div class=\"elementor-element elementor-element-b439655 elementor-widget elementor-widget-goldsmith-woo-banner-hero-slider\" data-id=\"b439655\" data-element_type=\"widget\" data-widget_type=\"goldsmith-woo-banner-hero-slider.default\">\n\t\t\t\t<div class=\"elementor-widget-container\">\n\t\t\t\t\t<div class=\"goldsmith-hero-banner-product-slider goldsmith-slick goldsmith-slick-slider dots-alingment-center\" \n            data-slick='{\"rtl\":false,\"autoplay\":true,\"speed\": 1000,\"slidesToShow\": 1,\"dots\": true,\"arrows\": false}'><\/div>\t\t\t\t<\/div>\n\t\t\t\t<\/div>\n\t\t\t\t<\/div>\n\t\t<div class=\"gap- elementor-element elementor-element-4014e92 e-con-full e-flex e-con e-parent\" data-id=\"4014e92\" data-element_type=\"container\">\n\t\t<div class=\"gap- elementor-element elementor-element-6f784f8 e-con-full e-flex e-con e-child\" data-id=\"6f784f8\" data-element_type=\"container\">\n\t\t\t\t<div class=\"elementor-element elementor-element-97eea37 elementor-widget elementor-widget-goldsmith-woo-banner-hero-slider\" data-id=\"97eea37\" data-element_type=\"widget\" data-widget_type=\"goldsmith-woo-banner-hero-slider.default\">\n\t\t\t\t<div class=\"elementor-widget-container\">\n\t\t\t\t\t<div class=\"goldsmith-hero-banner-product-slider goldsmith-slick goldsmith-slick-slider dots-alingment-center\" \n            data-slick='{\"rtl\":false,\"autoplay\":true,\"speed\": 1000,\"slidesToShow\": 1,\"dots\": true,\"arrows\": false}'><\/div>\t\t\t\t<\/div>\n\t\t\t\t<\/div>\n\t\t\t\t<\/div>\n\t\t\t\t<\/div>\n\t\t<div class=\"gap- elementor-element elementor-element-449edaa e-con-full e-flex e-con e-parent\" data-id=\"449edaa\" data-element_type=\"container\">\n\t\t\t\t<div class=\"elementor-element elementor-element-10cced8 elementor-widget elementor-widget-goldsmith-woo-banner-hero-slider\" data-id=\"10cced8\" data-element_type=\"widget\" data-widget_type=\"goldsmith-woo-banner-hero-slider.default\">\n\t\t\t\t<div class=\"elementor-widget-container\">\n\t\t\t\t\t<div class=\"goldsmith-hero-banner-product-slider goldsmith-slick goldsmith-slick-slider dots-alingment-center\" \n            data-slick='{\"rtl\":false,\"autoplay\":true,\"speed\": 1000,\"slidesToShow\": 1,\"dots\": true,\"arrows\": false}'><\/div>\t\t\t\t<\/div>\n\t\t\t\t<\/div>\n\t\t\t\t<\/div>\n\t\t\t\t<\/div>\n\t\t","protected":false},"excerpt":{"rendered":"<p>Schmuck, der begeistert \u2013 Ihr FashionJuwelier NEU: Sommerkollektion 2025 Jetzt entdecken \u2013 \u00dcber 2.000 Produkte im ShopVorheriges\/N\u00e4chstes FashionJuwelier \u2013 Dein exklusiver Online-Shop f\u00fcr Schmuck Entdecke jetzt unsere exklusiven Schmuckst\u00fccke INFO: Internationaler Versand Entdecken Sie unseren exklusiven internationalen Versandservice \u2013 Ihre Bestellung wird mit h\u00f6chster Sorgfalt und Pr\u00e4zision schnell, sicher und zuverl\u00e4ssig an jedes Ziel weltweit&#8230;<\/p>\n","protected":false},"author":1,"featured_media":0,"parent":0,"menu_order":0,"comment_status":"closed","ping_status":"closed","template":"","meta":{"footnotes":""},"class_list":{"0":"post-4739","1":"page","2":"type-page","3":"status-publish","4":"hentry","5":"nt-post-class","6":"","7":"thumb-none","9":"excerpt-none"},"_links":{"self":[{"href":"https:\/\/fashion-juwelier.de\/index.php?rest_route=\/wp\/v2\/pages\/4739","targetHints":{"allow":["GET"]}}],"collection":[{"href":"https:\/\/fashion-juwelier.de\/index.php?rest_route=\/wp\/v2\/pages"}],"about":[{"href":"https:\/\/fashion-juwelier.de\/index.php?rest_route=\/wp\/v2\/types\/page"}],"author":[{"embeddable":true,"href":"https:\/\/fashion-juwelier.de\/index.php?rest_route=\/wp\/v2\/users\/1"}],"replies":[{"embeddable":true,"href":"https:\/\/fashion-juwelier.de\/index.php?rest_route=%2Fwp%2Fv2%2Fcomments&post=4739"}],"version-history":[{"count":102,"href":"https:\/\/fashion-juwelier.de\/index.php?rest_route=\/wp\/v2\/pages\/4739\/revisions"}],"predecessor-version":[{"id":294456,"href":"https:\/\/fashion-juwelier.de\/index.php?rest_route=\/wp\/v2\/pages\/4739\/revisions\/294456"}],"wp:attachment":[{"href":"https:\/\/fashion-juwelier.de\/index.php?rest_route=%2Fwp%2Fv2%2Fmedia&parent=4739"}],"curies":[{"name":"wp","href":"https:\/\/api.w.org\/{rel}","templated":true}]}}