{"id":332091,"date":"2025-11-21T14:23:05","date_gmt":"2025-11-21T13:23:05","guid":{"rendered":"http:\/\/fashion-juwelier.de\/?product=gutscheine-3"},"modified":"2025-11-21T14:23:05","modified_gmt":"2025-11-21T13:23:05","slug":"gutscheine-3","status":"publish","type":"product","link":"https:\/\/fashion-juwelier.de\/?product=gutscheine-3","title":{"rendered":"Gutscheine"},"content":{"rendered":"<p><strong>Gutscheine<\/strong><\/p>\n<p><strong>Die Qual der Wahl beim Schenken<\/strong><\/p>\n<p>\u00a0<\/p>\n<p>Wenn Sie Ihren Lieben gerne sch\u00f6ne Dinge von bleibendem Wert schenken, dann ist Schmuck ein ideales Geschenk. Sind Sie aber nicht sicher, das richtige Schmuckst\u00fcck auszuw\u00e4hlen, um den Geschmack der zu beschenkenden Person zu treffen, dann bietet es sich an, einen Gutschein zu verschenken. So haben Sie Gewissheit, ideale und wertvolle Erinnerungsst\u00fccke zu verschenken, der bestimmt Gefallen findet.<\/p>\n<p><strong>Gro\u00dfe Auswahl zum \u201eSelbst-Aussuchen\u201c<\/strong><\/p>\n<p>Die Auswahl an Gold und Silber oder Schmuckst\u00fccken aus anderen Edelmetallen ist vielf\u00e4ltig und abwechslungsreich. Da kommt ein Gutschein gerade recht und ist in vielerlei Hinsicht ein sch\u00f6nes Geschenk: Der virtuelle Einkaufsbummel ist in diesem Geschenk enthalten. Der Beschenkte kann hier frei w\u00e4hlen und unkompliziert shoppen, denn unser Gutschein ist bis zur Einl\u00f6sung vorgemerkt. Die beschenkte Person kann aus allen Produkten des Shops w\u00e4hlen, lediglich eine Bargeld-Auszahlung des Gutscheins ist nicht m\u00f6glich.<\/p>\n","protected":false},"excerpt":{"rendered":"<p>Gutscheine<br \/>\nDie Qual der Wahl beim Schenken<br \/>\n\u00a0<br \/>\nWenn Sie Ihren Lieben gerne sch\u00f6ne Dinge von bleibendem Wert schenken, dann ist Schmuck ein ideales Geschenk. Sind Sie aber nicht sicher, das richtige Schmuckst\u00fcck auszuw\u00e4hlen, um den Geschmack der zu beschenkenden Person zu treffen, dann bietet es sic\u2026<\/p>\n","protected":false},"featured_media":332092,"comment_status":"open","ping_status":"closed","template":"","meta":[],"product_brand":[],"product_cat":[79228],"product_tag":[],"class_list":{"0":"post-332091","1":"product","2":"type-product","3":"status-publish","4":"has-post-thumbnail","6":"product_cat-gutscheine","7":"nt-post-class","8":"","14":"first","15":"instock","16":"taxable","17":"shipping-taxable","18":"purchasable","19":"product-type-simple"},"_links":{"self":[{"href":"https:\/\/fashion-juwelier.de\/index.php?rest_route=\/wp\/v2\/product\/332091","targetHints":{"allow":["GET"]}}],"collection":[{"href":"https:\/\/fashion-juwelier.de\/index.php?rest_route=\/wp\/v2\/product"}],"about":[{"href":"https:\/\/fashion-juwelier.de\/index.php?rest_route=\/wp\/v2\/types\/product"}],"replies":[{"embeddable":true,"href":"https:\/\/fashion-juwelier.de\/index.php?rest_route=%2Fwp%2Fv2%2Fcomments&post=332091"}],"version-history":[{"count":0,"href":"https:\/\/fashion-juwelier.de\/index.php?rest_route=\/wp\/v2\/product\/332091\/revisions"}],"wp:featuredmedia":[{"embeddable":true,"href":"https:\/\/fashion-juwelier.de\/index.php?rest_route=\/wp\/v2\/media\/332092"}],"wp:attachment":[{"href":"https:\/\/fashion-juwelier.de\/index.php?rest_route=%2Fwp%2Fv2%2Fmedia&parent=332091"}],"wp:term":[{"taxonomy":"product_brand","embeddable":true,"href":"https:\/\/fashion-juwelier.de\/index.php?rest_route=%2Fwp%2Fv2%2Fproduct_brand&post=332091"},{"taxonomy":"product_cat","embeddable":true,"href":"https:\/\/fashion-juwelier.de\/index.php?rest_route=%2Fwp%2Fv2%2Fproduct_cat&post=332091"},{"taxonomy":"product_tag","embeddable":true,"href":"https:\/\/fashion-juwelier.de\/index.php?rest_route=%2Fwp%2Fv2%2Fproduct_tag&post=332091"}],"curies":[{"name":"wp","href":"https:\/\/api.w.org\/{rel}","templated":true}]}}