{"id":332481,"date":"2025-11-21T14:25:42","date_gmt":"2025-11-21T13:25:42","guid":{"rendered":"http:\/\/fashion-juwelier.de\/?product=junkers-flieger-chronograph-9-57-01-15"},"modified":"2025-11-21T14:25:42","modified_gmt":"2025-11-21T13:25:42","slug":"junkers-flieger-chronograph-9-57-01-15","status":"publish","type":"product","link":"https:\/\/fashion-juwelier.de\/?product=junkers-flieger-chronograph-9-57-01-15","title":{"rendered":"Junkers Flieger Chronograph 9.57.01.15"},"content":{"rendered":"<p>Glas:K1 Sicherheitsglas Wasserdichtigkeit:10 atm Gewicht:83 g Krone:Verschraubte Krone Besonderheiten:Chronograph Werkkaliber:Miyota 6S20 Werktyp:Quarz Geh\u00e4usedurchmesser:42 mm Geh\u00e4useh\u00f6he:12,5 mm Geh\u00e4usefarbe:Gun Geh\u00e4usematerial:Edelstahl Geh\u00e4useboden:Mit Schrauben befestigt Zifferblattfarbe:Gun Armbandmaterial:Leder Armbandfarbe:Braun Stegbreite:22 mm Orig.-Armband-Nr.:360400000122 L\u00e4nge Schlie\u00dfenteil:7,5 cm L\u00e4nge Lochteil:11,5 cm Handgelenkumfang (ca. von-bis):16,5 &#8211; 20 Bandansto\u00df zu Bandansto\u00df:49 mm<\/p>\n","protected":false},"excerpt":{"rendered":"<p>Glas:K1 Sicherheitsglas Wasserdichtigkeit:10 atm Gewicht:83 g Krone:Verschraubte Krone Besonderheiten:Chronograph Werkkaliber:Miyota 6S20 Werktyp:Quarz Geh\u00e4usedurchmesser:42 mm Geh\u00e4useh\u00f6he:12,5 mm Geh\u00e4usefarbe:Gun Geh\u00e4usematerial:Edelstahl Geh\u00e4useboden:Mit Schrauben befestigt Zifferblattfarbe:Gun\u2026<\/p>\n","protected":false},"featured_media":332482,"comment_status":"open","ping_status":"closed","template":"","meta":[],"product_brand":[],"product_cat":[79241,79242],"product_tag":[],"class_list":{"0":"post-332481","1":"product","2":"type-product","3":"status-publish","4":"has-post-thumbnail","6":"product_cat-flieger","7":"product_cat-junkers-fliegeruhren","8":"nt-post-class","9":"","15":"first","16":"instock","17":"taxable","18":"shipping-taxable","19":"purchasable","20":"product-type-simple"},"_links":{"self":[{"href":"https:\/\/fashion-juwelier.de\/index.php?rest_route=\/wp\/v2\/product\/332481","targetHints":{"allow":["GET"]}}],"collection":[{"href":"https:\/\/fashion-juwelier.de\/index.php?rest_route=\/wp\/v2\/product"}],"about":[{"href":"https:\/\/fashion-juwelier.de\/index.php?rest_route=\/wp\/v2\/types\/product"}],"replies":[{"embeddable":true,"href":"https:\/\/fashion-juwelier.de\/index.php?rest_route=%2Fwp%2Fv2%2Fcomments&post=332481"}],"version-history":[{"count":0,"href":"https:\/\/fashion-juwelier.de\/index.php?rest_route=\/wp\/v2\/product\/332481\/revisions"}],"wp:featuredmedia":[{"embeddable":true,"href":"https:\/\/fashion-juwelier.de\/index.php?rest_route=\/wp\/v2\/media\/332482"}],"wp:attachment":[{"href":"https:\/\/fashion-juwelier.de\/index.php?rest_route=%2Fwp%2Fv2%2Fmedia&parent=332481"}],"wp:term":[{"taxonomy":"product_brand","embeddable":true,"href":"https:\/\/fashion-juwelier.de\/index.php?rest_route=%2Fwp%2Fv2%2Fproduct_brand&post=332481"},{"taxonomy":"product_cat","embeddable":true,"href":"https:\/\/fashion-juwelier.de\/index.php?rest_route=%2Fwp%2Fv2%2Fproduct_cat&post=332481"},{"taxonomy":"product_tag","embeddable":true,"href":"https:\/\/fashion-juwelier.de\/index.php?rest_route=%2Fwp%2Fv2%2Fproduct_tag&post=332481"}],"curies":[{"name":"wp","href":"https:\/\/api.w.org\/{rel}","templated":true}]}}